{"id":130,"date":"2025-09-24T18:44:39","date_gmt":"2025-09-24T23:44:39","guid":{"rendered":"https:\/\/fiberbyte.net\/?page_id=130"},"modified":"2025-09-24T20:27:22","modified_gmt":"2025-09-25T01:27:22","slug":"empresa","status":"publish","type":"page","link":"https:\/\/fiberbyte.net\/?page_id=130","title":{"rendered":"Empresa"},"content":{"rendered":"\t\t<div data-elementor-type=\"wp-page\" data-elementor-id=\"130\" class=\"elementor elementor-130\">\n\t\t\t\t<div class=\"elementor-element elementor-element-2df8395 e-grid e-con-boxed e-con e-parent\" data-id=\"2df8395\" data-element_type=\"container\" data-e-type=\"container\">\n\t\t\t\t\t<div class=\"e-con-inner\">\n\t\t\t\t<div class=\"elementor-element elementor-element-4035a7d elementor-widget elementor-widget-heading\" data-id=\"4035a7d\" data-element_type=\"widget\" data-e-type=\"widget\" data-widget_type=\"heading.default\">\n\t\t\t\t\t<h2 class=\"elementor-heading-title elementor-size-default\">NUESTRA EMPRESA<\/h2>\t\t\t\t<\/div>\n\t\t\t\t<div class=\"elementor-element elementor-element-324f72c elementor-widget elementor-widget-text-editor\" data-id=\"324f72c\" data-element_type=\"widget\" data-e-type=\"widget\" data-widget_type=\"text-editor.default\">\n\t\t\t\t\t\t\t\t\t<p><strong>MISI\u00d3N<\/strong><\/p><p>FIBERBYTE, ser\u00e1 una empresa con cultura de calidad, procesos efectivos, innovadas plataformas tecnol\u00f3gicas, comprometidos en satisfacer las necesidades integrales de telecomunicaciones, manteniendo la fidelidad de nuestros clientes..<\/p>\t\t\t\t\t\t\t\t<\/div>\n\t\t\t\t<div class=\"elementor-element elementor-element-71f0e37 elementor-widget elementor-widget-text-editor\" data-id=\"71f0e37\" data-element_type=\"widget\" data-e-type=\"widget\" data-widget_type=\"text-editor.default\">\n\t\t\t\t\t\t\t\t\t<p><strong>VISI\u00d3N<\/strong><\/p><p>En FIBERBYTE, le brindamos soluciones tecnol\u00f3gicas integrales, acercando a nuestros clientes al mundo a trav\u00e9s de servicios de valor agregado.<\/p>\t\t\t\t\t\t\t\t<\/div>\n\t\t\t\t\t<\/div>\n\t\t\t\t<\/div>\n\t\t<div class=\"elementor-element elementor-element-7f3ac75 e-flex e-con-boxed e-con e-parent\" data-id=\"7f3ac75\" data-element_type=\"container\" data-e-type=\"container\">\n\t\t\t\t\t<div class=\"e-con-inner\">\n\t\t\t\t<div class=\"elementor-element elementor-element-029c777 elementor-widget elementor-widget-text-editor\" data-id=\"029c777\" data-element_type=\"widget\" data-e-type=\"widget\" data-widget_type=\"text-editor.default\">\n\t\t\t\t\t\t\t\t\t<p><strong>VALORES<\/strong><\/p><ul><li>Confianza.<\/li><li>Trabajo en Equipo.<\/li><li>Orientaci\u00f3n al Logro.<\/li><li>Orientaci\u00f3n al Servicio.<\/li><\/ul>\t\t\t\t\t\t\t\t<\/div>\n\t\t\t\t\t<\/div>\n\t\t\t\t<\/div>\n\t\t\t\t<\/div>\n\t\t","protected":false},"excerpt":{"rendered":"<p>NUESTRA EMPRESA MISI\u00d3N FIBERBYTE, ser\u00e1 una empresa con cultura de calidad, procesos efectivos, innovadas plataformas tecnol\u00f3gicas, comprometidos en satisfacer las necesidades integrales de telecomunicaciones, manteniendo la fidelidad de nuestros clientes.. VISI\u00d3N En FIBERBYTE, le brindamos soluciones tecnol\u00f3gicas integrales, acercando a nuestros clientes al mundo a trav\u00e9s de servicios de valor agregado. VALORES Confianza. Trabajo en&hellip; <br \/> <a class=\"read-more\" href=\"https:\/\/fiberbyte.net\/?page_id=130\">Leer m\u00e1s<\/a><\/p>\n","protected":false},"author":1,"featured_media":0,"parent":0,"menu_order":0,"comment_status":"closed","ping_status":"closed","template":"","meta":{"footnotes":""},"class_list":["post-130","page","type-page","status-publish","hentry"],"_links":{"self":[{"href":"https:\/\/fiberbyte.net\/index.php?rest_route=\/wp\/v2\/pages\/130","targetHints":{"allow":["GET"]}}],"collection":[{"href":"https:\/\/fiberbyte.net\/index.php?rest_route=\/wp\/v2\/pages"}],"about":[{"href":"https:\/\/fiberbyte.net\/index.php?rest_route=\/wp\/v2\/types\/page"}],"author":[{"embeddable":true,"href":"https:\/\/fiberbyte.net\/index.php?rest_route=\/wp\/v2\/users\/1"}],"replies":[{"embeddable":true,"href":"https:\/\/fiberbyte.net\/index.php?rest_route=%2Fwp%2Fv2%2Fcomments&post=130"}],"version-history":[{"count":7,"href":"https:\/\/fiberbyte.net\/index.php?rest_route=\/wp\/v2\/pages\/130\/revisions"}],"predecessor-version":[{"id":141,"href":"https:\/\/fiberbyte.net\/index.php?rest_route=\/wp\/v2\/pages\/130\/revisions\/141"}],"wp:attachment":[{"href":"https:\/\/fiberbyte.net\/index.php?rest_route=%2Fwp%2Fv2%2Fmedia&parent=130"}],"curies":[{"name":"wp","href":"https:\/\/api.w.org\/{rel}","templated":true}]}}