{"id":84,"date":"2025-09-24T21:21:01","date_gmt":"2025-09-24T19:21:01","guid":{"rendered":"https:\/\/fiberbyte.net\/?page_id=84"},"modified":"2025-12-25T16:33:51","modified_gmt":"2025-12-25T21:33:51","slug":"inicio","status":"publish","type":"page","link":"https:\/\/fiberbyte.net\/?page_id=84","title":{"rendered":"Servicios"},"content":{"rendered":"\t\t<div data-elementor-type=\"wp-post\" data-elementor-id=\"84\" class=\"elementor elementor-84\">\n\t\t\t\t<div class=\"elementor-element elementor-element-d48507b e-flex e-con-boxed e-con e-parent\" data-id=\"d48507b\" data-element_type=\"container\" data-e-type=\"container\">\n\t\t\t\t\t<div class=\"e-con-inner\">\n\t\t<div class=\"elementor-element elementor-element-35df202 e-con-full e-flex e-con e-child\" data-id=\"35df202\" data-element_type=\"container\" data-e-type=\"container\">\n\t\t\t\t<div class=\"elementor-element elementor-element-bd5db93 elementor-widget elementor-widget-heading\" data-id=\"bd5db93\" data-element_type=\"widget\" data-e-type=\"widget\" data-widget_type=\"heading.default\">\n\t\t\t\t\t<h3 class=\"elementor-heading-title elementor-size-default\">NUESTROS SERVICIOS<\/h3>\t\t\t\t<\/div>\n\t\t\t\t<div class=\"elementor-element elementor-element-443c4aa elementor-widget elementor-widget-heading\" data-id=\"443c4aa\" data-element_type=\"widget\" data-e-type=\"widget\" data-widget_type=\"heading.default\">\n\t\t\t\t\t<h4 class=\"elementor-heading-title elementor-size-default\">Cuente con nuestro respaldo\npara hacer crecer su negocio.<\/h4>\t\t\t\t<\/div>\n\t\t\t\t<div class=\"elementor-element elementor-element-b79046a elementor-widget elementor-widget-text-editor\" data-id=\"b79046a\" data-element_type=\"widget\" data-e-type=\"widget\" data-widget_type=\"text-editor.default\">\n\t\t\t\t\t\t\t\t\t<p>Ofrecemos los siguientes servicios:<\/p><p><br \/>1- Nombres de dominios p\u00fablicos de Ecuador (.EC).<br \/>2- Web Hosting. <br \/>3- Configuraciones de Servidores GNU\/Linux. <br \/>4- Configuraciones de Servidores Microsoft Windows.<\/p>\t\t\t\t\t\t\t\t<\/div>\n\t\t\t\t<div class=\"elementor-element elementor-element-1234557 elementor-widget elementor-widget-button\" data-id=\"1234557\" data-element_type=\"widget\" data-e-type=\"widget\" data-widget_type=\"button.default\">\n\t\t\t\t\t\t\t\t\t\t<a class=\"elementor-button elementor-button-link elementor-size-sm\" href=\"https:\/\/fiberbyte.net\/?page_id=84\">\n\t\t\t\t\t\t<span class=\"elementor-button-content-wrapper\">\n\t\t\t\t\t\t\t\t\t<span class=\"elementor-button-text\">MAYOR INFORMACI\u00d3N<\/span>\n\t\t\t\t\t<\/span>\n\t\t\t\t\t<\/a>\n\t\t\t\t\t\t\t\t<\/div>\n\t\t\t\t<\/div>\n\t\t<div class=\"elementor-element elementor-element-7831071 e-con-full e-flex e-con e-child\" data-id=\"7831071\" data-element_type=\"container\" data-e-type=\"container\">\n\t\t\t\t<div class=\"elementor-element elementor-element-9168ce0 elementor-widget elementor-widget-image\" data-id=\"9168ce0\" data-element_type=\"widget\" data-e-type=\"widget\" data-widget_type=\"image.default\">\n\t\t\t\t\t\t\t\t\t\t\t\t\t\t\t<img decoding=\"async\" src=\"https:\/\/fiberbyte.net\/wp-content\/uploads\/2025\/09\/call01.png\" title=\"call01\" alt=\"call01\" loading=\"lazy\" \/>\t\t\t\t\t\t\t\t\t\t\t\t\t\t\t<\/div>\n\t\t\t\t<\/div>\n\t\t\t\t\t<\/div>\n\t\t\t\t<\/div>\n\t\t<div class=\"elementor-element elementor-element-7846e05 e-flex e-con-boxed e-con e-parent\" data-id=\"7846e05\" data-element_type=\"container\" data-e-type=\"container\">\n\t\t\t\t\t<div class=\"e-con-inner\">\n\t\t\t\t<div class=\"elementor-element elementor-element-5ac155a elementor-widget-divider--view-line elementor-widget elementor-widget-divider\" data-id=\"5ac155a\" data-element_type=\"widget\" data-e-type=\"widget\" data-widget_type=\"divider.default\">\n\t\t\t\t\t\t\t<div class=\"elementor-divider\">\n\t\t\t<span class=\"elementor-divider-separator\">\n\t\t\t\t\t\t<\/span>\n\t\t<\/div>\n\t\t\t\t\t\t<\/div>\n\t\t\t\t\t<\/div>\n\t\t\t\t<\/div>\n\t\t<div class=\"elementor-element elementor-element-5bad7c2 e-flex e-con-boxed e-con e-parent\" data-id=\"5bad7c2\" data-element_type=\"container\" data-e-type=\"container\">\n\t\t\t\t\t<div class=\"e-con-inner\">\n\t\t<div class=\"elementor-element elementor-element-7035b10 e-con-full e-flex e-con e-child\" data-id=\"7035b10\" data-element_type=\"container\" data-e-type=\"container\">\n\t\t\t\t<div class=\"elementor-element elementor-element-21bb602 elementor-view-default elementor-position-block-start elementor-mobile-position-block-start elementor-widget elementor-widget-icon-box\" data-id=\"21bb602\" data-element_type=\"widget\" data-e-type=\"widget\" data-widget_type=\"icon-box.default\">\n\t\t\t\t\t\t\t<div class=\"elementor-icon-box-wrapper\">\n\n\t\t\t\t\t\t<div class=\"elementor-icon-box-icon\">\n\t\t\t\t<span  class=\"elementor-icon\">\n\t\t\t\t<svg aria-hidden=\"true\" class=\"e-font-icon-svg e-fas-angle-double-down\" viewBox=\"0 0 320 512\" xmlns=\"http:\/\/www.w3.org\/2000\/svg\"><path d=\"M143 256.3L7 120.3c-9.4-9.4-9.4-24.6 0-33.9l22.6-22.6c9.4-9.4 24.6-9.4 33.9 0l96.4 96.4 96.4-96.4c9.4-9.4 24.6-9.4 33.9 0L313 86.3c9.4 9.4 9.4 24.6 0 33.9l-136 136c-9.4 9.5-24.6 9.5-34 .1zm34 192l136-136c9.4-9.4 9.4-24.6 0-33.9l-22.6-22.6c-9.4-9.4-24.6-9.4-33.9 0L160 352.1l-96.4-96.4c-9.4-9.4-24.6-9.4-33.9 0L7 278.3c-9.4 9.4-9.4 24.6 0 33.9l136 136c9.4 9.5 24.6 9.5 34 .1z\"><\/path><\/svg>\t\t\t\t<\/span>\n\t\t\t<\/div>\n\t\t\t\n\t\t\t\t\t\t<div class=\"elementor-icon-box-content\">\n\n\t\t\t\t\t\t\t\t\t<h3 class=\"elementor-icon-box-title\">\n\t\t\t\t\t\t<span  >\n\t\t\t\t\t\t\tVelocidad Sim\u00e9trica\t\t\t\t\t\t<\/span>\n\t\t\t\t\t<\/h3>\n\t\t\t\t\n\t\t\t\t\t\t\t\t\t<p class=\"elementor-icon-box-description\">\n\t\t\t\t\t\tPermite disfrutar de las ventajas y velocidades de bajada y subida de archivos: m\u00fasica, fotos, videos, informaci\u00f3n y mucho m\u00e1s.\t\t\t\t\t<\/p>\n\t\t\t\t\n\t\t\t<\/div>\n\t\t\t\n\t\t<\/div>\n\t\t\t\t\t\t<\/div>\n\t\t\t\t<\/div>\n\t\t<div class=\"elementor-element elementor-element-fbaef70 e-con-full e-flex e-con e-child\" data-id=\"fbaef70\" data-element_type=\"container\" data-e-type=\"container\">\n\t\t\t\t<div class=\"elementor-element elementor-element-b3cc4f1 elementor-view-default elementor-position-block-start elementor-mobile-position-block-start elementor-widget elementor-widget-icon-box\" data-id=\"b3cc4f1\" data-element_type=\"widget\" data-e-type=\"widget\" data-widget_type=\"icon-box.default\">\n\t\t\t\t\t\t\t<div class=\"elementor-icon-box-wrapper\">\n\n\t\t\t\t\t\t<div class=\"elementor-icon-box-icon\">\n\t\t\t\t<span  class=\"elementor-icon\">\n\t\t\t\t<svg aria-hidden=\"true\" class=\"e-font-icon-svg e-fas-dharmachakra\" viewBox=\"0 0 512 512\" xmlns=\"http:\/\/www.w3.org\/2000\/svg\"><path d=\"M495 225.06l-17.22 1.08c-5.27-39.49-20.79-75.64-43.86-105.84l12.95-11.43c6.92-6.11 7.25-16.79.73-23.31L426.44 64.4c-6.53-6.53-17.21-6.19-23.31.73L391.7 78.07c-30.2-23.06-66.35-38.58-105.83-43.86L286.94 17c.58-9.21-6.74-17-15.97-17h-29.94c-9.23 0-16.54 7.79-15.97 17l1.08 17.22c-39.49 5.27-75.64 20.79-105.83 43.86l-11.43-12.95c-6.11-6.92-16.79-7.25-23.31-.73L64.4 85.56c-6.53 6.53-6.19 17.21.73 23.31l12.95 11.43c-23.06 30.2-38.58 66.35-43.86 105.84L17 225.06c-9.21-.58-17 6.74-17 15.97v29.94c0 9.23 7.79 16.54 17 15.97l17.22-1.08c5.27 39.49 20.79 75.64 43.86 105.83l-12.95 11.43c-6.92 6.11-7.25 16.79-.73 23.31l21.17 21.17c6.53 6.53 17.21 6.19 23.31-.73l11.43-12.95c30.2 23.06 66.35 38.58 105.84 43.86L225.06 495c-.58 9.21 6.74 17 15.97 17h29.94c9.23 0 16.54-7.79 15.97-17l-1.08-17.22c39.49-5.27 75.64-20.79 105.84-43.86l11.43 12.95c6.11 6.92 16.79 7.25 23.31.73l21.17-21.17c6.53-6.53 6.19-17.21-.73-23.31l-12.95-11.43c23.06-30.2 38.58-66.35 43.86-105.83l17.22 1.08c9.21.58 17-6.74 17-15.97v-29.94c-.01-9.23-7.8-16.54-17.01-15.97zM281.84 98.61c24.81 4.07 47.63 13.66 67.23 27.78l-42.62 48.29c-8.73-5.44-18.32-9.54-28.62-11.95l4.01-64.12zm-51.68 0l4.01 64.12c-10.29 2.41-19.89 6.52-28.62 11.95l-42.62-48.29c19.6-14.12 42.42-23.71 67.23-27.78zm-103.77 64.33l48.3 42.61c-5.44 8.73-9.54 18.33-11.96 28.62l-64.12-4.01c4.07-24.81 13.66-47.62 27.78-67.22zm-27.78 118.9l64.12-4.01c2.41 10.29 6.52 19.89 11.95 28.62l-48.29 42.62c-14.12-19.6-23.71-42.42-27.78-67.23zm131.55 131.55c-24.81-4.07-47.63-13.66-67.23-27.78l42.61-48.3c8.73 5.44 18.33 9.54 28.62 11.96l-4 64.12zM256 288c-17.67 0-32-14.33-32-32s14.33-32 32-32 32 14.33 32 32-14.33 32-32 32zm25.84 125.39l-4.01-64.12c10.29-2.41 19.89-6.52 28.62-11.96l42.61 48.3c-19.6 14.12-42.41 23.71-67.22 27.78zm103.77-64.33l-48.29-42.62c5.44-8.73 9.54-18.32 11.95-28.62l64.12 4.01c-4.07 24.82-13.66 47.64-27.78 67.23zm-36.34-114.89c-2.41-10.29-6.52-19.89-11.96-28.62l48.3-42.61c14.12 19.6 23.71 42.42 27.78 67.23l-64.12 4z\"><\/path><\/svg>\t\t\t\t<\/span>\n\t\t\t<\/div>\n\t\t\t\n\t\t\t\t\t\t<div class=\"elementor-icon-box-content\">\n\n\t\t\t\t\t\t\t\t\t<h3 class=\"elementor-icon-box-title\">\n\t\t\t\t\t\t<span  >\n\t\t\t\t\t\t\tFibra \u00d3ptica\t\t\t\t\t\t<\/span>\n\t\t\t\t\t<\/h3>\n\t\t\t\t\n\t\t\t\t\t\t\t\t\t<p class=\"elementor-icon-box-description\">\n\t\t\t\t\t\tTecnolog\u00eda de nueva generaci\u00f3n que utiliza haces de luz para transmisi\u00f3n de datos y comunicaciones a grandes distancias. Es inmune a las interferencias electromagn\u00e9ticas.\t\t\t\t\t<\/p>\n\t\t\t\t\n\t\t\t<\/div>\n\t\t\t\n\t\t<\/div>\n\t\t\t\t\t\t<\/div>\n\t\t\t\t<\/div>\n\t\t<div class=\"elementor-element elementor-element-cf8f184 e-con-full e-flex e-con e-child\" data-id=\"cf8f184\" data-element_type=\"container\" data-e-type=\"container\">\n\t\t\t\t<div class=\"elementor-element elementor-element-bf039f1 elementor-view-default elementor-position-block-start elementor-mobile-position-block-start elementor-widget elementor-widget-icon-box\" data-id=\"bf039f1\" data-element_type=\"widget\" data-e-type=\"widget\" data-widget_type=\"icon-box.default\">\n\t\t\t\t\t\t\t<div class=\"elementor-icon-box-wrapper\">\n\n\t\t\t\t\t\t<div class=\"elementor-icon-box-icon\">\n\t\t\t\t<span  class=\"elementor-icon\">\n\t\t\t\t<svg aria-hidden=\"true\" class=\"e-font-icon-svg e-fas-bezier-curve\" viewBox=\"0 0 640 512\" xmlns=\"http:\/\/www.w3.org\/2000\/svg\"><path d=\"M368 32h-96c-17.67 0-32 14.33-32 32v96c0 17.67 14.33 32 32 32h96c17.67 0 32-14.33 32-32V64c0-17.67-14.33-32-32-32zM208 88h-84.75C113.75 64.56 90.84 48 64 48 28.66 48 0 76.65 0 112s28.66 64 64 64c26.84 0 49.75-16.56 59.25-40h79.73c-55.37 32.52-95.86 87.32-109.54 152h49.4c11.3-41.61 36.77-77.21 71.04-101.56-3.7-8.08-5.88-16.99-5.88-26.44V88zm-48 232H64c-17.67 0-32 14.33-32 32v96c0 17.67 14.33 32 32 32h96c17.67 0 32-14.33 32-32v-96c0-17.67-14.33-32-32-32zM576 48c-26.84 0-49.75 16.56-59.25 40H432v72c0 9.45-2.19 18.36-5.88 26.44 34.27 24.35 59.74 59.95 71.04 101.56h49.4c-13.68-64.68-54.17-119.48-109.54-152h79.73c9.5 23.44 32.41 40 59.25 40 35.34 0 64-28.65 64-64s-28.66-64-64-64zm0 272h-96c-17.67 0-32 14.33-32 32v96c0 17.67 14.33 32 32 32h96c17.67 0 32-14.33 32-32v-96c0-17.67-14.33-32-32-32z\"><\/path><\/svg>\t\t\t\t<\/span>\n\t\t\t<\/div>\n\t\t\t\n\t\t\t\t\t\t<div class=\"elementor-icon-box-content\">\n\n\t\t\t\t\t\t\t\t\t<h3 class=\"elementor-icon-box-title\">\n\t\t\t\t\t\t<span  >\n\t\t\t\t\t\t\tCompartici\u00f3n\t\t\t\t\t\t<\/span>\n\t\t\t\t\t<\/h3>\n\t\t\t\t\n\t\t\t\t\t\t\t\t\t<p class=\"elementor-icon-box-description\">\n\t\t\t\t\t\tEs la cantidad de servicios que utilizan la misma v\u00eda para poder contactarse a Internet.\n\nFiberbyte le ofrece a todos sus Clientes Home la compartici\u00f3n 4:1.\n\t\t\t\t\t<\/p>\n\t\t\t\t\n\t\t\t<\/div>\n\t\t\t\n\t\t<\/div>\n\t\t\t\t\t\t<\/div>\n\t\t\t\t<\/div>\n\t\t<div class=\"elementor-element elementor-element-54a885b e-con-full e-flex e-con e-child\" data-id=\"54a885b\" data-element_type=\"container\" data-e-type=\"container\">\n\t\t\t\t<div class=\"elementor-element elementor-element-2fd2dfe elementor-view-default elementor-position-block-start elementor-mobile-position-block-start elementor-widget elementor-widget-icon-box\" data-id=\"2fd2dfe\" data-element_type=\"widget\" data-e-type=\"widget\" data-widget_type=\"icon-box.default\">\n\t\t\t\t\t\t\t<div class=\"elementor-icon-box-wrapper\">\n\n\t\t\t\t\t\t<div class=\"elementor-icon-box-icon\">\n\t\t\t\t<span  class=\"elementor-icon\">\n\t\t\t\t<svg aria-hidden=\"true\" class=\"e-font-icon-svg e-fas-broadcast-tower\" viewBox=\"0 0 640 512\" xmlns=\"http:\/\/www.w3.org\/2000\/svg\"><path d=\"M150.94 192h33.73c11.01 0 18.61-10.83 14.86-21.18-4.93-13.58-7.55-27.98-7.55-42.82s2.62-29.24 7.55-42.82C203.29 74.83 195.68 64 184.67 64h-33.73c-7.01 0-13.46 4.49-15.41 11.23C130.64 92.21 128 109.88 128 128c0 18.12 2.64 35.79 7.54 52.76 1.94 6.74 8.39 11.24 15.4 11.24zM89.92 23.34C95.56 12.72 87.97 0 75.96 0H40.63c-6.27 0-12.14 3.59-14.74 9.31C9.4 45.54 0 85.65 0 128c0 24.75 3.12 68.33 26.69 118.86 2.62 5.63 8.42 9.14 14.61 9.14h34.84c12.02 0 19.61-12.74 13.95-23.37-49.78-93.32-16.71-178.15-.17-209.29zM614.06 9.29C611.46 3.58 605.6 0 599.33 0h-35.42c-11.98 0-19.66 12.66-14.02 23.25 18.27 34.29 48.42 119.42.28 209.23-5.72 10.68 1.8 23.52 13.91 23.52h35.23c6.27 0 12.13-3.58 14.73-9.29C630.57 210.48 640 170.36 640 128s-9.42-82.48-25.94-118.71zM489.06 64h-33.73c-11.01 0-18.61 10.83-14.86 21.18 4.93 13.58 7.55 27.98 7.55 42.82s-2.62 29.24-7.55 42.82c-3.76 10.35 3.85 21.18 14.86 21.18h33.73c7.02 0 13.46-4.49 15.41-11.24 4.9-16.97 7.53-34.64 7.53-52.76 0-18.12-2.64-35.79-7.54-52.76-1.94-6.75-8.39-11.24-15.4-11.24zm-116.3 100.12c7.05-10.29 11.2-22.71 11.2-36.12 0-35.35-28.63-64-63.96-64-35.32 0-63.96 28.65-63.96 64 0 13.41 4.15 25.83 11.2 36.12l-130.5 313.41c-3.4 8.15.46 17.52 8.61 20.92l29.51 12.31c8.15 3.4 17.52-.46 20.91-8.61L244.96 384h150.07l49.2 118.15c3.4 8.16 12.76 12.01 20.91 8.61l29.51-12.31c8.15-3.4 12-12.77 8.61-20.92l-130.5-313.41zM271.62 320L320 203.81 368.38 320h-96.76z\"><\/path><\/svg>\t\t\t\t<\/span>\n\t\t\t<\/div>\n\t\t\t\n\t\t\t\t\t\t<div class=\"elementor-icon-box-content\">\n\n\t\t\t\t\t\t\t\t\t<h3 class=\"elementor-icon-box-title\">\n\t\t\t\t\t\t<span  >\n\t\t\t\t\t\t\tInal\u00e1mbrico\t\t\t\t\t\t<\/span>\n\t\t\t\t\t<\/h3>\n\t\t\t\t\n\t\t\t\t\t\t\t\t\t<p class=\"elementor-icon-box-description\">\n\t\t\t\t\t\tTecnolog\u00eda que permite la conexi\u00f3n de dispositivos sin el uso de cables intermedios, es susceptible a interferencias electromagn\u00e9ticas.\n\nFiberbyte le ofrece en su equipo terminal ONT el soporte de Wireless.\t\t\t\t\t<\/p>\n\t\t\t\t\n\t\t\t<\/div>\n\t\t\t\n\t\t<\/div>\n\t\t\t\t\t\t<\/div>\n\t\t\t\t<\/div>\n\t\t\t\t\t<\/div>\n\t\t\t\t<\/div>\n\t\t\t\t<\/div>\n\t\t","protected":false},"excerpt":{"rendered":"<p>NUESTROS SERVICIOS Cuente con nuestro respaldo para hacer crecer su negocio. Ofrecemos los siguientes servicios: 1- Nombres de dominios p\u00fablicos de Ecuador (.EC).2- Web Hosting. 3- Configuraciones de Servidores GNU\/Linux. 4- Configuraciones de Servidores Microsoft Windows. MAYOR INFORMACI\u00d3N Velocidad Sim\u00e9trica Permite disfrutar de las ventajas y velocidades de bajada y subida de archivos: m\u00fasica, fotos,&hellip; <br \/> <a class=\"read-more\" href=\"https:\/\/fiberbyte.net\/?page_id=84\">Leer m\u00e1s<\/a><\/p>\n","protected":false},"author":1,"featured_media":0,"parent":0,"menu_order":0,"comment_status":"closed","ping_status":"closed","template":"","meta":{"footnotes":""},"class_list":["post-84","page","type-page","status-publish","hentry"],"_links":{"self":[{"href":"https:\/\/fiberbyte.net\/index.php?rest_route=\/wp\/v2\/pages\/84","targetHints":{"allow":["GET"]}}],"collection":[{"href":"https:\/\/fiberbyte.net\/index.php?rest_route=\/wp\/v2\/pages"}],"about":[{"href":"https:\/\/fiberbyte.net\/index.php?rest_route=\/wp\/v2\/types\/page"}],"author":[{"embeddable":true,"href":"https:\/\/fiberbyte.net\/index.php?rest_route=\/wp\/v2\/users\/1"}],"replies":[{"embeddable":true,"href":"https:\/\/fiberbyte.net\/index.php?rest_route=%2Fwp%2Fv2%2Fcomments&post=84"}],"version-history":[{"count":13,"href":"https:\/\/fiberbyte.net\/index.php?rest_route=\/wp\/v2\/pages\/84\/revisions"}],"predecessor-version":[{"id":215,"href":"https:\/\/fiberbyte.net\/index.php?rest_route=\/wp\/v2\/pages\/84\/revisions\/215"}],"wp:attachment":[{"href":"https:\/\/fiberbyte.net\/index.php?rest_route=%2Fwp%2Fv2%2Fmedia&parent=84"}],"curies":[{"name":"wp","href":"https:\/\/api.w.org\/{rel}","templated":true}]}}